{"id":279,"date":"2023-02-16T08:53:48","date_gmt":"2023-02-16T08:53:48","guid":{"rendered":"https:\/\/lamcom.usal.es\/?page_id=279"},"modified":"2023-02-16T08:57:39","modified_gmt":"2023-02-16T08:57:39","slug":"lineas-de-investigacion","status":"publish","type":"page","link":"https:\/\/lamcom.usal.es\/en\/lineas-de-investigacion\/","title":{"rendered":"(Espa\u00f1ol) L\u00edneas de Investigaci\u00f3n"},"content":{"rendered":"<p class=\"qtranxs-available-languages-message qtranxs-available-languages-message-en\">Sorry, this entry is only available in <a href=\"https:\/\/lamcom.usal.es\/es\/wp-json\/wp\/v2\/pages\/279\" class=\"qtranxs-available-language-link qtranxs-available-language-link-es\" title=\"Espa\u00f1ol\">Espa\u00f1ol<\/a>.<\/p>","protected":false},"excerpt":{"rendered":"<p>Sorry, this entry is only available in Espa\u00f1ol.<\/p>\n","protected":false},"author":107,"featured_media":0,"parent":0,"menu_order":0,"comment_status":"closed","ping_status":"closed","template":"","meta":{"footnotes":""},"class_list":["post-279","page","type-page","status-publish","hentry"],"aioseo_notices":[],"_links":{"self":[{"href":"https:\/\/lamcom.usal.es\/en\/wp-json\/wp\/v2\/pages\/279","targetHints":{"allow":["GET"]}}],"collection":[{"href":"https:\/\/lamcom.usal.es\/en\/wp-json\/wp\/v2\/pages"}],"about":[{"href":"https:\/\/lamcom.usal.es\/en\/wp-json\/wp\/v2\/types\/page"}],"author":[{"embeddable":true,"href":"https:\/\/lamcom.usal.es\/en\/wp-json\/wp\/v2\/users\/107"}],"replies":[{"embeddable":true,"href":"https:\/\/lamcom.usal.es\/en\/wp-json\/wp\/v2\/comments?post=279"}],"version-history":[{"count":2,"href":"https:\/\/lamcom.usal.es\/en\/wp-json\/wp\/v2\/pages\/279\/revisions"}],"predecessor-version":[{"id":283,"href":"https:\/\/lamcom.usal.es\/en\/wp-json\/wp\/v2\/pages\/279\/revisions\/283"}],"wp:attachment":[{"href":"https:\/\/lamcom.usal.es\/en\/wp-json\/wp\/v2\/media?parent=279"}],"curies":[{"name":"wp","href":"https:\/\/api.w.org\/{rel}","templated":true}]}}